{"id":59,"date":"2014-02-04T17:44:29","date_gmt":"2014-02-04T16:44:29","guid":{"rendered":"http:\/\/maestronacor.com\/?page_id=59"},"modified":"2016-01-21T23:55:21","modified_gmt":"2016-01-21T22:55:21","slug":"junta-directiva-y-comisiones-organizativas","status":"publish","type":"page","link":"https:\/\/maestronacor.com\/?page_id=59","title":{"rendered":"Junta Directiva y Comisiones Organizativas"},"content":{"rendered":"<p><b><span style=\"text-decoration: underline;\">Junta Directiva Asociaci\u00f3n Cultural Banda de M\u00fasica \u201cMaestro Nacor Blanco\u201d<\/span><\/b><\/p>\n<p>P<span style=\"text-decoration: underline;\">residente<\/span>: <b>Jos\u00e9 Luis Rego Borrallo<\/b><\/p>\n<p><span style=\"text-decoration: underline;\">Secretario<\/span>: <b>Juan Alfonso Carbajo Mor\u00e1n<\/b><br \/>\n<span style=\"text-decoration: underline;\">Tesorero<\/span>: <b>Demetrio Madrid Mart\u00edn<\/b><\/p>\n<p><span style=\"text-decoration: underline;\">Vocales<\/span>: \u00a0 J<strong>ose Luis Piorno\u00a0<\/strong><b><span style=\"color: #000000;\">Mart\u00edn \u00a0 \u00a0 \u00a0 \u00a0 \u00a0 \u00a0 \u00a0 \u00a0 \u00a0 \u00a0 \u00a0 \u00a0 \u00a0 \u00a0 \u00a0 \u00a0 \u00a0 \u00a0 \u00a0 \u00a0 \u00a0 \u00a0 \u00a0 \u00a0 \u00a0 \u00a0 \u00a0 \u00a0 \u00a0 \u00a0 \u00a0 \u00a0 \u00a0 \u00a0 \u00a0 \u00a0 \u00a0 \u00a0 \u00a0 \u00a0 \u00a0 \u00a0 \u00a0 \u00a0 \u00a0 \u00a0 \u00a0 \u00a0 \u00a0 \u00a0 \u00a0 \u00a0 \u00a0 \u00a0 Miguel\u00a0<\/span>\u00c1ngel<span style=\"color: #000000;\">\u00a0P\u00e9rez Teruelo<\/span><\/b><\/p>\n<p>Director:<b> \u00a0\u00a0<\/b>\u00a0<strong>\u00c1lvaro Lozano Rodr\u00edguez<\/strong><\/p>\n<p><b>\u00a0<\/b><\/p>\n<p>&nbsp;<\/p>\n<p>&nbsp;<\/p>\n","protected":false},"excerpt":{"rendered":"<p>Junta Directiva Asociaci\u00f3n Cultural Banda de M\u00fasica \u201cMaestro Nacor Blanco\u201d Presidente: Jos\u00e9 Luis Rego Borrallo Secretario: Juan Alfonso Carbajo Mor\u00e1n Tesorero: Demetrio Madrid Mart\u00edn Vocales: \u00a0 Jose Luis Piorno\u00a0Mart\u00edn \u00a0 \u00a0 \u00a0 \u00a0 \u00a0 \u00a0 \u00a0 \u00a0 \u00a0 \u00a0 \u00a0 \u00a0 \u00a0 \u00a0 \u00a0 \u00a0 \u00a0 \u00a0 \u00a0 \u00a0 \u00a0 \u00a0 \u00a0 \u00a0 \u00a0 \u00a0 [&hellip;]<\/p>\n","protected":false},"author":1,"featured_media":0,"parent":0,"menu_order":0,"comment_status":"closed","ping_status":"closed","template":"","meta":{"footnotes":""},"class_list":["post-59","page","type-page","status-publish","hentry"],"jetpack_sharing_enabled":true,"_links":{"self":[{"href":"https:\/\/maestronacor.com\/index.php?rest_route=\/wp\/v2\/pages\/59","targetHints":{"allow":["GET"]}}],"collection":[{"href":"https:\/\/maestronacor.com\/index.php?rest_route=\/wp\/v2\/pages"}],"about":[{"href":"https:\/\/maestronacor.com\/index.php?rest_route=\/wp\/v2\/types\/page"}],"author":[{"embeddable":true,"href":"https:\/\/maestronacor.com\/index.php?rest_route=\/wp\/v2\/users\/1"}],"replies":[{"embeddable":true,"href":"https:\/\/maestronacor.com\/index.php?rest_route=%2Fwp%2Fv2%2Fcomments&post=59"}],"version-history":[{"count":10,"href":"https:\/\/maestronacor.com\/index.php?rest_route=\/wp\/v2\/pages\/59\/revisions"}],"predecessor-version":[{"id":459,"href":"https:\/\/maestronacor.com\/index.php?rest_route=\/wp\/v2\/pages\/59\/revisions\/459"}],"wp:attachment":[{"href":"https:\/\/maestronacor.com\/index.php?rest_route=%2Fwp%2Fv2%2Fmedia&parent=59"}],"curies":[{"name":"wp","href":"https:\/\/api.w.org\/{rel}","templated":true}]}}