{"id":140,"date":"2014-02-05T16:57:09","date_gmt":"2014-02-05T15:57:09","guid":{"rendered":"http:\/\/maestronacor.com\/?page_id=140"},"modified":"2014-02-05T17:01:15","modified_gmt":"2014-02-05T16:01:15","slug":"actividades-agrupaciones-musicales","status":"publish","type":"page","link":"https:\/\/maestronacor.com\/?page_id=140","title":{"rendered":"Actividades Agrupaciones Musicales"},"content":{"rendered":"<p>&nbsp;<\/p>\n<p>Aunque los actos o actuaciones de car\u00e1cter interpretativo musical en los que han participado tanto la Banda de M\u00fasica \u201cMaestro Nacor Blanco\u201d como el resto de agrupaciones musicales incluidas en esta han sido m\u00faltiples y, en algunos casos, dispares durante estos a\u00f1os, como se podr\u00e1 observar en la Memoria General de Actividades, dichas actuaciones podr\u00edan concretarse de manera general en las siguientes:<\/p>\n<ul>\n<li><span style=\"text-decoration: underline;\">Conciertos<\/span>: de diferente tem\u00e1tica e \u00edndole, primando aquellos en los que sus programas est\u00e1n integrados por obras de diferentes estilos y \u00e9pocas musicales.<\/li>\n<li><span style=\"text-decoration: underline;\">Conciertos de Semana Santa<\/span>: menci\u00f3n aparte por la importancia que tienen estos en cuanto a dedicaci\u00f3n de la Banda de M\u00fasica.<\/li>\n<li><span style=\"text-decoration: underline;\">Conciertos Ben\u00e9ficos<\/span>: tambi\u00e9n a destacar. Habitualmente\u00a0 la Asociaci\u00f3n Cultural, a trav\u00e9s de sus agrupaciones, colabora con aquellas asociaciones o entidades, y especialmente vinculada con la ayuda social a estamentos menos favorecidos.<\/li>\n<li><span style=\"text-decoration: underline;\">Pasacalles<\/span><\/li>\n<li><span style=\"text-decoration: underline;\">Desfiles Procesionales<\/span>: la Banda de M\u00fasica \u201cMaestro Nacor Blanco\u201d participa de manera muy activa en los desfiles procesionales organizados durante la Semana Santa de Zamora, pero tambi\u00e9n a lo largo del a\u00f1o.<\/li>\n<li><span style=\"text-decoration: underline;\">Festejos Taurinos<\/span><\/li>\n<\/ul>\n<p>&nbsp;<\/p>\n<p>Desde el compromiso de la Asociaci\u00f3n Cultural con la difusi\u00f3n del fen\u00f3meno musical en Zamora y su provincia, esta instituci\u00f3n est\u00e1 involucrada no solo en la colaboraci\u00f3n con otras instituciones o entidades, tanto en la participaci\u00f3n como en el desarrollo de actividades musicales y culturales, sino tambi\u00e9n en la organizaci\u00f3n propia de este tipo de eventos. Entre ellos cabr\u00eda destacar la organizaci\u00f3n de conciertos en torno a la Semana Santa, que en fechas de Cuaresma desarrolla anualmente (Conciertos de \u201cLa Ma\u00f1ana\u201d, Concierto homenaje Carlos Cerver\u00f3,\u2026.), la realizaci\u00f3n de pasacalles durante la celebraci\u00f3n de las festividades navide\u00f1as, el desarrollo de un ciclo de conciertos en torno a la celebraci\u00f3n de Santa Cecilia o la organizaci\u00f3n de recitales a lo largo del a\u00f1o de otras agrupaciones o int\u00e9rpretes musicales no vinculadas con la Asociaci\u00f3n.<\/p>\n<p>&nbsp;<\/p>\n<p><span style=\"text-decoration: underline;\">Ensayos<\/span><\/p>\n<ul>\n<li><span style=\"text-decoration: underline;\">Banda de M\u00fasica<\/span>: la planificaci\u00f3n y la realizaci\u00f3n de ensayos de la Banda se suele realizar de manera semanal, dependiendo de la realizaci\u00f3n de otras actividades, aunque por norma dichos ensayos se vienen realizando los Jueves de 20 H a 22 H, y los s\u00e1bados de 18 H a 20 H de septiembre a mayo. El resto de meses los ensayos se suelen realizar los jueves y viernes, ambos de 20 H a 22 H. Durante unas semanas en el periodo estival se suelen interrumpir la celebraci\u00f3n de dichos ensayos, al igual que la semana despu\u00e9s a la celebraci\u00f3n de la Semana Santa.<\/li>\n<li><span style=\"text-decoration: underline;\">Banda Juvenil<\/span>: aunque igualmente los ensayos est\u00e1n sujetos a la planificaci\u00f3n del resto de actividades, estos se suelen celebrar los s\u00e1bados de 17 H a 18 H.<\/li>\n<li>Los ensayos del resto de agrupaciones no est\u00e1n fijados de manera ordinaria, quedando sujeta su realizaci\u00f3n seg\u00fan la disposici\u00f3n de sus integrantes.<\/li>\n<\/ul>\n","protected":false},"excerpt":{"rendered":"<p>&nbsp; Aunque los actos o actuaciones de car\u00e1cter interpretativo musical en los que han participado tanto la Banda de M\u00fasica \u201cMaestro Nacor Blanco\u201d como el resto de agrupaciones musicales incluidas en esta han sido m\u00faltiples y, en algunos casos, dispares durante estos a\u00f1os, como se podr\u00e1 observar en la Memoria General de Actividades, dichas actuaciones [&hellip;]<\/p>\n","protected":false},"author":1,"featured_media":0,"parent":0,"menu_order":0,"comment_status":"closed","ping_status":"closed","template":"","meta":{"footnotes":""},"class_list":["post-140","page","type-page","status-publish","hentry"],"jetpack_sharing_enabled":true,"_links":{"self":[{"href":"https:\/\/maestronacor.com\/index.php?rest_route=\/wp\/v2\/pages\/140","targetHints":{"allow":["GET"]}}],"collection":[{"href":"https:\/\/maestronacor.com\/index.php?rest_route=\/wp\/v2\/pages"}],"about":[{"href":"https:\/\/maestronacor.com\/index.php?rest_route=\/wp\/v2\/types\/page"}],"author":[{"embeddable":true,"href":"https:\/\/maestronacor.com\/index.php?rest_route=\/wp\/v2\/users\/1"}],"replies":[{"embeddable":true,"href":"https:\/\/maestronacor.com\/index.php?rest_route=%2Fwp%2Fv2%2Fcomments&post=140"}],"version-history":[{"count":3,"href":"https:\/\/maestronacor.com\/index.php?rest_route=\/wp\/v2\/pages\/140\/revisions"}],"predecessor-version":[{"id":149,"href":"https:\/\/maestronacor.com\/index.php?rest_route=\/wp\/v2\/pages\/140\/revisions\/149"}],"wp:attachment":[{"href":"https:\/\/maestronacor.com\/index.php?rest_route=%2Fwp%2Fv2%2Fmedia&parent=140"}],"curies":[{"name":"wp","href":"https:\/\/api.w.org\/{rel}","templated":true}]}}