{"id":10,"date":"2014-02-03T17:01:01","date_gmt":"2014-02-03T16:01:01","guid":{"rendered":"http:\/\/maestronacor.com\/?page_id=10"},"modified":"2018-09-04T14:08:59","modified_gmt":"2018-09-04T12:08:59","slug":"agenda","status":"publish","type":"page","link":"https:\/\/maestronacor.com\/?page_id=10","title":{"rendered":"Agenda"},"content":{"rendered":"<p style=\"text-align: left;\">Proximas actuaciones:<\/p>\n<p style=\"text-align: left;\">Concierto en Andavias \u00a0 \u00a0 \u00a0 \u00a0 \u00a0 \u00a0 \u00a0 \u00a0 \u00a0 \u00a0 \u00a0D\u00eda cinco de Septiembre<\/p>\n<p>Procesi\u00f3n Pe\u00f1a de Francia \u00a0 \u00a0 \u00a0 \u00a0 \u00a0 \u00a0 \u00a0 D\u00eda ocho de Septiembre<\/p>\n<p>Exaltaci\u00f3n De la Cruz \u00a0 \u00a0 \u00a0 \u00a0 \u00a0 \u00a0 \u00a0 \u00a0 \u00a0 \u00a0 \u00a0 \u00a0D\u00eda catorce de Septiembre<\/p>\n<p>Procesi\u00f3n Santo Entierro \u00a0 \u00a0 \u00a0 \u00a0 \u00a0 \u00a0 \u00a0 \u00a0 \u00a0D\u00eda veintid\u00f3s de Septiembre<\/p>\n<p>Concierto en Salce de Sayago \u00a0 \u00a0 \u00a0 \u00a0 \u00a0 D\u00eda veintiocho de Septiembre<\/p>\n<p style=\"text-align: left;\">\n","protected":false},"excerpt":{"rendered":"<p>Proximas actuaciones: Concierto en Andavias \u00a0 \u00a0 \u00a0 \u00a0 \u00a0 \u00a0 \u00a0 \u00a0 \u00a0 \u00a0 \u00a0D\u00eda cinco de Septiembre Procesi\u00f3n Pe\u00f1a de Francia \u00a0 \u00a0 \u00a0 \u00a0 \u00a0 \u00a0 \u00a0 D\u00eda ocho de Septiembre Exaltaci\u00f3n De la Cruz \u00a0 \u00a0 \u00a0 \u00a0 \u00a0 \u00a0 \u00a0 \u00a0 \u00a0 \u00a0 \u00a0 \u00a0D\u00eda catorce de Septiembre Procesi\u00f3n Santo [&hellip;]<\/p>\n","protected":false},"author":1,"featured_media":0,"parent":0,"menu_order":3,"comment_status":"closed","ping_status":"closed","template":"","meta":{"footnotes":""},"class_list":["post-10","page","type-page","status-publish","hentry"],"jetpack_sharing_enabled":true,"_links":{"self":[{"href":"https:\/\/maestronacor.com\/index.php?rest_route=\/wp\/v2\/pages\/10","targetHints":{"allow":["GET"]}}],"collection":[{"href":"https:\/\/maestronacor.com\/index.php?rest_route=\/wp\/v2\/pages"}],"about":[{"href":"https:\/\/maestronacor.com\/index.php?rest_route=\/wp\/v2\/types\/page"}],"author":[{"embeddable":true,"href":"https:\/\/maestronacor.com\/index.php?rest_route=\/wp\/v2\/users\/1"}],"replies":[{"embeddable":true,"href":"https:\/\/maestronacor.com\/index.php?rest_route=%2Fwp%2Fv2%2Fcomments&post=10"}],"version-history":[{"count":14,"href":"https:\/\/maestronacor.com\/index.php?rest_route=\/wp\/v2\/pages\/10\/revisions"}],"predecessor-version":[{"id":1981,"href":"https:\/\/maestronacor.com\/index.php?rest_route=\/wp\/v2\/pages\/10\/revisions\/1981"}],"wp:attachment":[{"href":"https:\/\/maestronacor.com\/index.php?rest_route=%2Fwp%2Fv2%2Fmedia&parent=10"}],"curies":[{"name":"wp","href":"https:\/\/api.w.org\/{rel}","templated":true}]}}